{"id":202,"date":"2022-09-26T00:37:01","date_gmt":"2022-09-26T00:37:01","guid":{"rendered":"https:\/\/solutionmondiale.com\/?page_id=202"},"modified":"2022-10-13T12:55:08","modified_gmt":"2022-10-13T12:55:08","slug":"services","status":"publish","type":"page","link":"https:\/\/solutionmondiale.com\/index.php\/services\/","title":{"rendered":"Services"},"content":{"rendered":"\t\t<div data-elementor-type=\"wp-page\" data-elementor-id=\"202\" class=\"elementor elementor-202\">\n\t\t\t\t\t\t\t\t\t<section class=\"elementor-section elementor-top-section elementor-element elementor-element-4245decc elementor-section-boxed elementor-section-height-default elementor-section-height-default\" data-id=\"4245decc\" data-element_type=\"section\" data-settings=\"{&quot;background_background&quot;:&quot;classic&quot;}\">\n\t\t\t\t\t\t\t<div class=\"elementor-background-overlay\"><\/div>\n\t\t\t\t\t\t\t<div class=\"elementor-container elementor-column-gap-default\">\n\t\t\t\t\t<div class=\"elementor-column elementor-col-100 elementor-top-column elementor-element elementor-element-5c996c4e\" data-id=\"5c996c4e\" data-element_type=\"column\">\n\t\t\t<div class=\"elementor-widget-wrap elementor-element-populated\">\n\t\t\t\t\t\t\t\t<div class=\"elementor-element elementor-element-cbd4777 elementor-widget elementor-widget-heading\" data-id=\"cbd4777\" data-element_type=\"widget\" data-widget_type=\"heading.default\">\n\t\t\t\t<div class=\"elementor-widget-container\">\n\t\t\t<style>\/*! elementor - v3.6.5 - 27-04-2022 *\/\n.elementor-heading-title{padding:0;margin:0;line-height:1}.elementor-widget-heading .elementor-heading-title[class*=elementor-size-]>a{color:inherit;font-size:inherit;line-height:inherit}.elementor-widget-heading .elementor-heading-title.elementor-size-small{font-size:15px}.elementor-widget-heading .elementor-heading-title.elementor-size-medium{font-size:19px}.elementor-widget-heading .elementor-heading-title.elementor-size-large{font-size:29px}.elementor-widget-heading .elementor-heading-title.elementor-size-xl{font-size:39px}.elementor-widget-heading .elementor-heading-title.elementor-size-xxl{font-size:59px}<\/style><h2 class=\"elementor-heading-title elementor-size-default\">Nos services<\/h2>\t\t<\/div>\n\t\t\t\t<\/div>\n\t\t\t\t<div class=\"elementor-element elementor-element-2296e846 elementor-widget__width-auto elementor-widget elementor-widget-elementskit-button\" data-id=\"2296e846\" data-element_type=\"widget\" data-widget_type=\"elementskit-button.default\">\n\t\t\t\t<div class=\"elementor-widget-container\">\n\t\t\t<div class=\"ekit-wid-con\" >\t\t<div class=\"ekit-btn-wraper\">\n\t\t\t\t\t\t\t<a href=\"https:\/\/solutionmondiale.com\/\" class=\"elementskit-btn  whitespace--normal\" >\n\t\t\t\t\tHome\n\t\t\t\t\t<i aria-hidden=\"true\" class=\"fas fa-chevron-right\"><\/i>\n\t\t\t\t<\/a>\n\t\t\t\t\t\t<\/div>\n        <\/div>\t\t<\/div>\n\t\t\t\t<\/div>\n\t\t\t\t<div class=\"elementor-element elementor-element-10371c0c elementor-widget__width-auto elementor-widget elementor-widget-heading\" data-id=\"10371c0c\" data-element_type=\"widget\" data-widget_type=\"heading.default\">\n\t\t\t\t<div class=\"elementor-widget-container\">\n\t\t\t<div class=\"elementor-heading-title elementor-size-default\">Services<\/div>\t\t<\/div>\n\t\t\t\t<\/div>\n\t\t\t\t\t<\/div>\n\t\t<\/div>\n\t\t\t\t\t\t\t<\/div>\n\t\t<\/section>\n\t\t\t\t<section class=\"elementor-section elementor-top-section elementor-element elementor-element-1c135023 elementor-section-boxed elementor-section-height-default elementor-section-height-default\" data-id=\"1c135023\" data-element_type=\"section\" data-settings=\"{&quot;background_background&quot;:&quot;classic&quot;}\">\n\t\t\t\t\t\t\t<div class=\"elementor-background-overlay\"><\/div>\n\t\t\t\t\t\t\t<div class=\"elementor-container elementor-column-gap-default\">\n\t\t\t\t\t<div class=\"elementor-column elementor-col-100 elementor-top-column elementor-element elementor-element-53de1916\" data-id=\"53de1916\" data-element_type=\"column\">\n\t\t\t<div class=\"elementor-widget-wrap elementor-element-populated\">\n\t\t\t\t\t\t\t\t<div class=\"elementor-element elementor-element-2cb8c0b1 elementor-widget elementor-widget-heading\" data-id=\"2cb8c0b1\" data-element_type=\"widget\" data-widget_type=\"heading.default\">\n\t\t\t\t<div class=\"elementor-widget-container\">\n\t\t\t<h2 class=\"elementor-heading-title elementor-size-default\">Nous fournissons la meilleure logistique<\/h2>\t\t<\/div>\n\t\t\t\t<\/div>\n\t\t\t\t<section class=\"elementor-section elementor-inner-section elementor-element elementor-element-d470f52 elementor-section-full_width elementor-section-height-default elementor-section-height-default\" data-id=\"d470f52\" data-element_type=\"section\">\n\t\t\t\t\t\t<div class=\"elementor-container elementor-column-gap-default\">\n\t\t\t\t\t<div class=\"elementor-column elementor-col-50 elementor-inner-column elementor-element elementor-element-dbc3083\" data-id=\"dbc3083\" data-element_type=\"column\">\n\t\t\t<div class=\"elementor-widget-wrap elementor-element-populated\">\n\t\t\t\t\t\t\t\t<div class=\"elementor-element elementor-element-a2df540 ekit-equal-height-disable elementor-widget elementor-widget-elementskit-image-box\" data-id=\"a2df540\" data-element_type=\"widget\" data-widget_type=\"elementskit-image-box.default\">\n\t\t\t\t<div class=\"elementor-widget-container\">\n\t\t\t<div class=\"ekit-wid-con\" >\n            <div class=\"elementskit-info-image-box ekit-image-box text-center style-modern\" >\n\n                \n                <div class=\"elementskit-box-header image-box-img-center\">\n\n                    <img loading=\"lazy\" decoding=\"async\" width=\"1920\" height=\"1280\" src=\"https:\/\/solutionmondiale.com\/wp-content\/uploads\/2022\/09\/cargo-ships-in-river-being-tugged-e1607329984994.jpg\" class=\"attachment-full size-full\" alt=\"\" srcset=\"https:\/\/solutionmondiale.com\/wp-content\/uploads\/2022\/09\/cargo-ships-in-river-being-tugged-e1607329984994.jpg 1920w, https:\/\/solutionmondiale.com\/wp-content\/uploads\/2022\/09\/cargo-ships-in-river-being-tugged-e1607329984994-300x200.jpg 300w, https:\/\/solutionmondiale.com\/wp-content\/uploads\/2022\/09\/cargo-ships-in-river-being-tugged-e1607329984994-1024x683.jpg 1024w, https:\/\/solutionmondiale.com\/wp-content\/uploads\/2022\/09\/cargo-ships-in-river-being-tugged-e1607329984994-768x512.jpg 768w, https:\/\/solutionmondiale.com\/wp-content\/uploads\/2022\/09\/cargo-ships-in-river-being-tugged-e1607329984994-1536x1024.jpg 1536w\" sizes=\"auto, (max-width: 1920px) 100vw, 1920px\" \/>\n                <\/div>\n                \n                <div class=\"elementskit-box-body ekit-image-box-body\">\n                    <div class=\"elementskit-box-content ekit-image-box-body-inner\">\n                                                <h3 class=\"elementskit-info-box-title\">\n\n                        \n                        Fret Maritime\n                        \n                    <\/h3>\n                                                            <div class=\"elementskit-box-style-content\">\n                        Les cha\u00eenes d\u2019approvisionnement peuvent \u00eatre complexes. C\u2019est pourquoi nous avons con\u00e7u nos services de gestion de la cha\u00eene d\u2019approvisionnement pour vous aider \u00e0 g\u00e9rer vos complexit\u00e9s logistiques. Notre expertise locale associ\u00e9e \u00e0 notre infrastructure mondiale vous permet de profiter d\u2019une cha\u00eene d\u2019approvisionnement forte qui vous aidera \u00e0 faire \u00e9voluer votre entreprise et \u00e0 d\u00e9passer les attentes des clients.\n\nLa large gamme de fonctionnalit\u00e9s \u00e0 valeur ajout\u00e9e du service SCM peut vous aider \u00e0 atteindre vos objectifs commerciaux avec fiabilit\u00e9, rapidit\u00e9, agilit\u00e9, r\u00e9silience, rentabilit\u00e9 et durabilit\u00e9. Nos \u00e9quipes d\u2019experts de la cha\u00eene d\u2019approvisionnement peuvent g\u00e9rer votre processus logistique, vous laissant plus de temps pour vous concentrer sur votre c\u0153ur de m\u00e9tier                    <\/div>\n                                    <\/div>\n\n                            <\/div>\n            <\/div>\n    <\/div>\t\t<\/div>\n\t\t\t\t<\/div>\n\t\t\t\t\t<\/div>\n\t\t<\/div>\n\t\t\t\t<div class=\"elementor-column elementor-col-50 elementor-inner-column elementor-element elementor-element-2b1a103\" data-id=\"2b1a103\" data-element_type=\"column\">\n\t\t\t<div class=\"elementor-widget-wrap elementor-element-populated\">\n\t\t\t\t\t\t\t\t<div class=\"elementor-element elementor-element-7500c8c ekit-equal-height-enable elementor-widget elementor-widget-elementskit-image-box\" data-id=\"7500c8c\" data-element_type=\"widget\" data-widget_type=\"elementskit-image-box.default\">\n\t\t\t\t<div class=\"elementor-widget-container\">\n\t\t\t<div class=\"ekit-wid-con\" >\n            <div class=\"elementskit-info-image-box ekit-image-box text-center style-modern\" >\n\n                \n                <div class=\"elementskit-box-header image-box-img-center\">\n\n                    <img loading=\"lazy\" decoding=\"async\" width=\"1440\" height=\"960\" src=\"https:\/\/solutionmondiale.com\/wp-content\/uploads\/2022\/09\/passenger-jet-plane-taking-off-e1607329902806.jpg\" class=\"attachment-full size-full\" alt=\"\" srcset=\"https:\/\/solutionmondiale.com\/wp-content\/uploads\/2022\/09\/passenger-jet-plane-taking-off-e1607329902806.jpg 1440w, https:\/\/solutionmondiale.com\/wp-content\/uploads\/2022\/09\/passenger-jet-plane-taking-off-e1607329902806-300x200.jpg 300w, https:\/\/solutionmondiale.com\/wp-content\/uploads\/2022\/09\/passenger-jet-plane-taking-off-e1607329902806-1024x683.jpg 1024w, https:\/\/solutionmondiale.com\/wp-content\/uploads\/2022\/09\/passenger-jet-plane-taking-off-e1607329902806-768x512.jpg 768w\" sizes=\"auto, (max-width: 1440px) 100vw, 1440px\" \/>\n                <\/div>\n                \n                <div class=\"elementskit-box-body ekit-image-box-body\">\n                    <div class=\"elementskit-box-content ekit-image-box-body-inner\">\n                                                <h3 class=\"elementskit-info-box-title\">\n\n                        \n                        Fret A\u00e9rien\n                        \n                    <\/h3>\n                                                            <div class=\"elementskit-box-style-content\">\n                        Exp\u00e9dier en Afrique n'a jamais \u00e9t\u00e9 facile.Nous facilitons le processus d'importation de produits et services des \u00c9tats-Unis, d'Europe et d'Asie au Cameroun.\nConsolidation des services r\u00e9guliers \u00e0 partir des grandes villes.\n- Rapport quotidien de situation\n- Prise en charge des  prestations de services\n- Service porte \u00e0 porte\n- Services d'assurance                    <\/div>\n                                    <\/div>\n\n                            <\/div>\n            <\/div>\n    <\/div>\t\t<\/div>\n\t\t\t\t<\/div>\n\t\t\t\t\t<\/div>\n\t\t<\/div>\n\t\t\t\t\t\t\t<\/div>\n\t\t<\/section>\n\t\t\t\t<section class=\"elementor-section elementor-inner-section elementor-element elementor-element-189ad663 elementor-section-boxed elementor-section-height-default elementor-section-height-default\" data-id=\"189ad663\" data-element_type=\"section\">\n\t\t\t\t\t\t<div class=\"elementor-container elementor-column-gap-default\">\n\t\t\t\t\t<div class=\"elementor-column elementor-col-50 elementor-inner-column elementor-element elementor-element-704cd94f\" data-id=\"704cd94f\" data-element_type=\"column\">\n\t\t\t<div class=\"elementor-widget-wrap elementor-element-populated\">\n\t\t\t\t\t\t\t\t<div class=\"elementor-element elementor-element-11c7e55a ekit-equal-height-enable elementor-widget elementor-widget-elementskit-image-box\" data-id=\"11c7e55a\" data-element_type=\"widget\" data-widget_type=\"elementskit-image-box.default\">\n\t\t\t\t<div class=\"elementor-widget-container\">\n\t\t\t<div class=\"ekit-wid-con\" >\n            <div class=\"elementskit-info-image-box ekit-image-box text-center style-modern\" >\n\n                \n                <div class=\"elementskit-box-header image-box-img-center\">\n\n                    <img loading=\"lazy\" decoding=\"async\" width=\"1440\" height=\"961\" src=\"https:\/\/solutionmondiale.com\/wp-content\/uploads\/2022\/09\/a-commercial-truck-on-the-road-e1607329556627.jpg\" class=\"attachment-full size-full\" alt=\"\" srcset=\"https:\/\/solutionmondiale.com\/wp-content\/uploads\/2022\/09\/a-commercial-truck-on-the-road-e1607329556627.jpg 1440w, https:\/\/solutionmondiale.com\/wp-content\/uploads\/2022\/09\/a-commercial-truck-on-the-road-e1607329556627-300x200.jpg 300w, https:\/\/solutionmondiale.com\/wp-content\/uploads\/2022\/09\/a-commercial-truck-on-the-road-e1607329556627-1024x683.jpg 1024w, https:\/\/solutionmondiale.com\/wp-content\/uploads\/2022\/09\/a-commercial-truck-on-the-road-e1607329556627-768x513.jpg 768w\" sizes=\"auto, (max-width: 1440px) 100vw, 1440px\" \/>\n                <\/div>\n                \n                <div class=\"elementskit-box-body ekit-image-box-body\">\n                    <div class=\"elementskit-box-content ekit-image-box-body-inner\">\n                                                <h3 class=\"elementskit-info-box-title\">\n\n                        \n                        Transport Terrestre\n                        \n                    <\/h3>\n                                                            <div class=\"elementskit-box-style-content\">\n                        Nous livrons dans toutes les villes de Cameron. Nous offrons un vaste r\u00e9seau intermodal par barge, rail ou camion, pour transporter vos marchandises de l'usine \u00e0 la porte du magasin. Nous offrons; - Consolidation \n- Freight Forwarding \n- D\u00e9douanement \n- Transport \n- Entreposage \n- Emballage\n                    <\/div>\n                                    <\/div>\n\n                            <\/div>\n            <\/div>\n    <\/div>\t\t<\/div>\n\t\t\t\t<\/div>\n\t\t\t\t\t<\/div>\n\t\t<\/div>\n\t\t\t\t<div class=\"elementor-column elementor-col-50 elementor-inner-column elementor-element elementor-element-6120d560\" data-id=\"6120d560\" data-element_type=\"column\">\n\t\t\t<div class=\"elementor-widget-wrap elementor-element-populated\">\n\t\t\t\t\t\t\t\t<div class=\"elementor-element elementor-element-5445f15a ekit-equal-height-disable elementor-widget elementor-widget-elementskit-image-box\" data-id=\"5445f15a\" data-element_type=\"widget\" data-widget_type=\"elementskit-image-box.default\">\n\t\t\t\t<div class=\"elementor-widget-container\">\n\t\t\t<div class=\"ekit-wid-con\" >\n            <div class=\"elementskit-info-image-box ekit-image-box text-center style-modern\" >\n\n                \n                <div class=\"elementskit-box-header image-box-img-center\">\n\n                    <img loading=\"lazy\" decoding=\"async\" width=\"1920\" height=\"1280\" src=\"https:\/\/solutionmondiale.com\/wp-content\/uploads\/2022\/09\/packing-section-at-plant-e1607325298613.jpg\" class=\"attachment-full size-full\" alt=\"\" srcset=\"https:\/\/solutionmondiale.com\/wp-content\/uploads\/2022\/09\/packing-section-at-plant-e1607325298613.jpg 1920w, https:\/\/solutionmondiale.com\/wp-content\/uploads\/2022\/09\/packing-section-at-plant-e1607325298613-300x200.jpg 300w, https:\/\/solutionmondiale.com\/wp-content\/uploads\/2022\/09\/packing-section-at-plant-e1607325298613-1024x683.jpg 1024w, https:\/\/solutionmondiale.com\/wp-content\/uploads\/2022\/09\/packing-section-at-plant-e1607325298613-768x512.jpg 768w, https:\/\/solutionmondiale.com\/wp-content\/uploads\/2022\/09\/packing-section-at-plant-e1607325298613-1536x1024.jpg 1536w\" sizes=\"auto, (max-width: 1920px) 100vw, 1920px\" \/>\n                <\/div>\n                \n                <div class=\"elementskit-box-body ekit-image-box-body\">\n                    <div class=\"elementskit-box-content ekit-image-box-body-inner\">\n                                                <h3 class=\"elementskit-info-box-title\">\n\n                        \n                        Stockage\n                        \n                    <\/h3>\n                                                            <div class=\"elementskit-box-style-content\">\n                        Nous disposons des entrepots de stockage,que nous mettons \u00e0 la disposition de nos clients et partenaires pour combler leurs besoins ponctuelles,de courtes dur\u00e9es mais aussi pour des besoins de longues dur\u00e9es afin de mener \u00e0 bien leurs op\u00e9rations.                    <\/div>\n                                    <\/div>\n\n                            <\/div>\n            <\/div>\n    <\/div>\t\t<\/div>\n\t\t\t\t<\/div>\n\t\t\t\t\t<\/div>\n\t\t<\/div>\n\t\t\t\t\t\t\t<\/div>\n\t\t<\/section>\n\t\t\t\t\t<\/div>\n\t\t<\/div>\n\t\t\t\t\t\t\t<\/div>\n\t\t<\/section>\n\t\t\t\t\t\t\t<\/div>\n\t\t","protected":false},"excerpt":{"rendered":"<p>Nos services Home Services Nous fournissons la meilleure logistique Fret Maritime Les cha\u00eenes d\u2019approvisionnement peuvent \u00eatre complexes. C\u2019est pourquoi nous avons con\u00e7u nos services de gestion de la cha\u00eene d\u2019approvisionnement pour vous aider \u00e0 g\u00e9rer vos complexit\u00e9s logistiques. Notre expertise locale associ\u00e9e \u00e0 notre infrastructure mondiale vous permet de profiter d\u2019une cha\u00eene d\u2019approvisionnement forte qui [&hellip;]<\/p>\n","protected":false},"author":1,"featured_media":0,"parent":0,"menu_order":0,"comment_status":"closed","ping_status":"closed","template":"elementor_header_footer","meta":{"inline_featured_image":false,"footnotes":""},"class_list":["post-202","page","type-page","status-publish","hentry"],"_links":{"self":[{"href":"https:\/\/solutionmondiale.com\/index.php\/wp-json\/wp\/v2\/pages\/202","targetHints":{"allow":["GET"]}}],"collection":[{"href":"https:\/\/solutionmondiale.com\/index.php\/wp-json\/wp\/v2\/pages"}],"about":[{"href":"https:\/\/solutionmondiale.com\/index.php\/wp-json\/wp\/v2\/types\/page"}],"author":[{"embeddable":true,"href":"https:\/\/solutionmondiale.com\/index.php\/wp-json\/wp\/v2\/users\/1"}],"replies":[{"embeddable":true,"href":"https:\/\/solutionmondiale.com\/index.php\/wp-json\/wp\/v2\/comments?post=202"}],"version-history":[{"count":31,"href":"https:\/\/solutionmondiale.com\/index.php\/wp-json\/wp\/v2\/pages\/202\/revisions"}],"predecessor-version":[{"id":568,"href":"https:\/\/solutionmondiale.com\/index.php\/wp-json\/wp\/v2\/pages\/202\/revisions\/568"}],"wp:attachment":[{"href":"https:\/\/solutionmondiale.com\/index.php\/wp-json\/wp\/v2\/media?parent=202"}],"curies":[{"name":"wp","href":"https:\/\/api.w.org\/{rel}","templated":true}]}}